{"id":1135,"date":"2021-09-26T11:38:47","date_gmt":"2021-09-26T11:38:47","guid":{"rendered":"http:\/\/aorac.es\/index.php\/aorac-2019\/"},"modified":"2021-11-22T19:47:57","modified_gmt":"2021-11-22T19:47:57","slug":"aorac-2021","status":"publish","type":"page","link":"https:\/\/aorac.es\/index.php\/aorac-2021\/","title":{"rendered":"AORAC 2021"},"content":{"rendered":"\n<h3 class=\"has-text-align-center has-vivid-red-color has-text-color wp-block-heading\"><strong>XLV CONCURSO-EXPOSICI\u00d3N ORNITOL\u00d3GICO<\/strong><\/h3>\n\n\n\n<p><\/p>\n\n\n\n<p>Clasificaci\u00f3n individual &#8230;&#8230;&#8230;&#8230;&#8230;&#8230;&#8230;&#8230;&#8230;&#8230;&#8230;&#8230;&#8230;&#8230;&#8230;&#8230;&#8230;&#8230;&#8230;. <a href=\"http:\/\/aorac.es\/wp-content\/uploads\/2021\/11\/Clasificacio\u0301n-individual-2021.pdf\" data-type=\"URL\" target=\"_blank\" rel=\"noreferrer noopener\"><img loading=\"lazy\" decoding=\"async\" width=\"58\" height=\"59\" class=\"wp-image-96\" style=\"width: 58px;\" src=\"http:\/\/aorac.es\/wp-content\/uploads\/2020\/04\/pdf.gif\" alt=\"pdf grupos\"><\/a><\/p>\n\n\n\n<p>Clasificaci\u00f3n por equipos &#8230;&#8230;&#8230;&#8230;&#8230;&#8230;&#8230;&#8230;&#8230;&#8230;&#8230;&#8230;&#8230;&#8230;&#8230;&#8230;&#8230;&#8230; <a rel=\"noreferrer noopener\" href=\"http:\/\/aorac.es\/wp-content\/uploads\/2021\/11\/Clasificacio\u0301n-por-equipos-2021.pdf\" target=\"_blank\"><img loading=\"lazy\" decoding=\"async\" width=\"58\" height=\"59\" class=\"wp-image-96\" style=\"width: 58px;\" src=\"http:\/\/aorac.es\/wp-content\/uploads\/2020\/04\/pdf.gif\" alt=\"pdf grupos\"><\/a><\/p>\n\n\n\n<p><\/p>\n\n\n\n<p>Listado de grandes premios &#8230;&#8230;&#8230;&#8230;&#8230;&#8230;&#8230;&#8230;&#8230;&#8230;&#8230;&#8230;&#8230;&#8230;&#8230;&#8230;  <a href=\"http:\/\/aorac.es\/wp-content\/uploads\/2021\/11\/Listado-grandes-premios_2021_web.pdf\" target=\"_blank\" rel=\"noreferrer noopener\"><img loading=\"lazy\" decoding=\"async\" width=\"58\" height=\"59\" class=\"wp-image-96\" style=\"width: 58px;\" src=\"http:\/\/aorac.es\/wp-content\/uploads\/2020\/04\/pdf.gif\" alt=\"pdf grupos\"><\/a><\/p>\n","protected":false},"excerpt":{"rendered":"<p>XLV CONCURSO-EXPOSICI\u00d3N ORNITOL\u00d3GICO Clasificaci\u00f3n individual &#8230;&#8230;&#8230;&#8230;&#8230;&#8230;&#8230;&#8230;&#8230;&#8230;&#8230;&#8230;&#8230;&#8230;&#8230;&#8230;&#8230;&#8230;&#8230;. Clasificaci\u00f3n por equipos &#8230;&#8230;&#8230;&#8230;&#8230;&#8230;&#8230;&#8230;&#8230;&#8230;&#8230;&#8230;&#8230;&#8230;&#8230;&#8230;&#8230;&#8230; Listado de grandes premios &#8230;&#8230;&#8230;&#8230;&#8230;&#8230;&#8230;&#8230;&#8230;&#8230;&#8230;&#8230;&#8230;&#8230;&#8230;&#8230;<\/p>\n","protected":false},"author":1,"featured_media":0,"parent":0,"menu_order":0,"comment_status":"closed","ping_status":"closed","template":"","meta":{"footnotes":""},"class_list":["post-1135","page","type-page","status-publish","hentry"],"_links":{"self":[{"href":"https:\/\/aorac.es\/index.php\/wp-json\/wp\/v2\/pages\/1135","targetHints":{"allow":["GET"]}}],"collection":[{"href":"https:\/\/aorac.es\/index.php\/wp-json\/wp\/v2\/pages"}],"about":[{"href":"https:\/\/aorac.es\/index.php\/wp-json\/wp\/v2\/types\/page"}],"author":[{"embeddable":true,"href":"https:\/\/aorac.es\/index.php\/wp-json\/wp\/v2\/users\/1"}],"replies":[{"embeddable":true,"href":"https:\/\/aorac.es\/index.php\/wp-json\/wp\/v2\/comments?post=1135"}],"version-history":[{"count":19,"href":"https:\/\/aorac.es\/index.php\/wp-json\/wp\/v2\/pages\/1135\/revisions"}],"predecessor-version":[{"id":1183,"href":"https:\/\/aorac.es\/index.php\/wp-json\/wp\/v2\/pages\/1135\/revisions\/1183"}],"wp:attachment":[{"href":"https:\/\/aorac.es\/index.php\/wp-json\/wp\/v2\/media?parent=1135"}],"curies":[{"name":"wp","href":"https:\/\/api.w.org\/{rel}","templated":true}]}}