{"id":157,"date":"2020-04-02T21:28:20","date_gmt":"2020-04-02T21:28:20","guid":{"rendered":"http:\/\/aorac.es\/?page_id=157"},"modified":"2020-04-05T21:20:23","modified_gmt":"2020-04-05T21:20:23","slug":"origen-del-canario-domestico","status":"publish","type":"page","link":"https:\/\/aorac.es\/index.php\/origen-del-canario-domestico\/","title":{"rendered":"Origen del canario dom\u00e9stico"},"content":{"rendered":"\n<p class=\"has-small-font-size\">&nbsp;&nbsp;En la antig\u00fcedad, parece que las islas Canarias eran bien conocidas por fenicios y cartagineses, que practicaban el comercio con la poblaci\u00f3n ancestral guanche.<br><br>&nbsp; Los or\u00edgenes del canario domestico se remonta al siglo XIV, cuando unos navegantes genoveses descubrieron a unos 100 kil\u00f3metros de la costa occidental del norte de \u00c1frica lo que hoy son las ISLAS CANARIAS. Entre la vegetaci\u00f3n exuberante y la gran variedad de aves de colores ,hab\u00eda una de canto melodioso , peque\u00f1o granivoro de color verde, con estrias negro-pardas el SERINUS CANARIUS.<\/p>\n\n\n\n<p class=\"has-small-font-size\">Este canario salvaje lleg\u00f3 en 1402 como regalo a Enrique II de&nbsp;Castilla, de la mano del&nbsp;&nbsp;&nbsp; navegante franc\u00e9s JUAN, se\u00f1or de BETHENCOURT cuando fue a solicitar protecci\u00f3n y ayuda. En efecto, durante el reinado de Juan II de Castilla este monarca encarga a los caballeros normandos Juan de Bethencourt y Gadifer de La Salle la empresa de anexionar las llamadas \u00abislas afortunadas\u00bb a la corona de Castilla. &nbsp; &nbsp;&nbsp;<\/p>\n\n\n\n<p class=\"has-small-font-size\">Fue Juan de Bethencourt quien export\u00f3 los primeros ejemplares. Cuando \u00e9stos llegaron al continente europeo. Juan II de Castilla ser\u00eda pues uno de los primeros europeos poseedores de canarios. En un segundo viaje, Bethencourt envi\u00f3 ejemplares a Francia, como presente para la reina Isabel de Baviera, esposa de Carlos VI.&nbsp;En adelante, y durante el siglo XV, el canario fue ave de lujo en las cortes europeas. Cuando los espa\u00f1oles iniciaron la conquista de las Islas Canarias en 1474, les debi\u00f3 llamar la atenci\u00f3n su canto , sin embargo no fueron&nbsp;los primeros,los nativos de las islas ya los tenian en sus jaulas. En sus viajes de vuelta los marineros espa\u00f1oles tra\u00edan esos melodiosos cantores como regalos a sus familiares. Algunos los vend\u00edan a precios muy elevados por lo que no estaban al alcance de cualquier persona. Los primeros que consiguieron la cr\u00eda en cautividad fueron los monjes espa\u00f1oles.&nbsp;Solo se desprend\u00edan de los machos, por lo que tuvieron este monopolio&nbsp;comercial casi cien a\u00f1os.<\/p>\n\n\n\n<p class=\"has-small-font-size\">En el a\u00f1o 1550 aparecieron las primeras hembras en Italia , rompi\u00e9ndose as\u00ed este monopolio eclesi\u00e1stico. Seg\u00fan la historia un buque mercante espa\u00f1ol camino de LIVORNO se estrell\u00f3 contra la costa de la isla de ELBA. Los canarios que se salvaron llegando a la costa italiana se aparearon con hembras del verdecillo (SERINUS SERINUS). Con la captura de los nuevos ejemplares , no tardaron los criadores italianos en atravesar los Alpes ofreciendo sus productos en SUIZA, TIROL, BELGICA, FRANCIA y HOLANDA.<\/p>\n\n\n\n<p><strong>&nbsp; Isabel de Baviera<\/strong><\/p>\n\n\n\n<p class=\"has-small-font-size\">Tambi\u00e9n existe la posibilidad que en algunos de estos viajes hacia Italia, alg\u00fan criador recibiera alguna hembra por macho , en manos de un criador experto , bastaba una hembra para iniciar una l\u00ednea de crianza.&nbsp; &nbsp;&nbsp;&nbsp; En el origen del canario en Italia cobra mucha fuerza esta posibilidad ya que si los italianos compraban solo machos que era lo \u00fanico que les vend\u00edan los monjes espa\u00f1oles, cabe imaginar que esos antig\u00fcos canaricultores ya probasen el cruce del peque\u00f1o canario de monte con el verdecillo o chamariz. &nbsp;Por otro lado estaban los que consegu\u00edan sangre directa ya que es muy posible que consiguiese hembras por equivocaci\u00f3n de los monjes. &nbsp; &nbsp;<\/p>\n\n\n\n<p class=\"has-small-font-size\">&nbsp;&nbsp; A pesar que los monjes tuvieron el monopolio del canario, desde un principio,la historia nos cuenta otra versi\u00f3n tambi\u00e9n muy posible ya que tras el redescubrimiento de las Islas Canarias, por la Corona Espa\u00f1ola, se abri\u00f3 un importante comercio mercantil. &nbsp;&nbsp;&nbsp; Es en el siglo XVI cuando se organiza la caza y exportaci\u00f3n sistem\u00e1tica. Entre cazadores isle\u00f1os especialistas y navegantes holandeses y espa\u00f1oles, se establece un pr\u00f3spero comercio y se inician las rutas que distribuir\u00e1n por casi toda Europa los canarios cantores. &nbsp; &nbsp;<\/p>\n\n\n\n<p class=\"has-small-font-size\">A principios del&nbsp;siglo XVI, Flandes y Espa\u00f1a peninsular son los principales centros receptores de canarios.&nbsp; A partir de los puertos espa\u00f1oles se inicia la difusi\u00f3n hacia Italia, que pasa a ser un importante centro de aclimataci\u00f3n, especialmente en la zona templada de Alto Adigio, desde donde la ruta comercial contin\u00faa hacia Alemania. &nbsp;&nbsp;&nbsp; En cuanto a la situaci\u00f3n en las islas originarias, parece ser que a mediados de ese siglo se hab\u00edan formado ya las primeras organizaciones de criadores. A partir de este momento deja de confiarse exclusivamente en la caza, cobrando importancia&nbsp;la reproducci\u00f3n y cultivo dom\u00e9stico de la especie.&nbsp;<\/p>\n\n\n\n<p class=\"has-small-font-size\">&nbsp;&nbsp;&nbsp;&nbsp;En el siglo XVI, el canario era ya un ave dom\u00e9stica que comenzaba a reproducirse f\u00e1cilmente en cautividad, y en cuanto a su comercializaci\u00f3n y difusi\u00f3n por Europa, Gran Canaria enviaba ejemplares fundamentalmente a la Espa\u00f1a peninsular y a Flandes, La Palma surt\u00eda a los avicultores franceses y Tenerife enviaba un buen n\u00famero de ejemplares a las islas Brit\u00e1nicas. &nbsp; Los primeros criaderos importantes, desde el punto de vista industrial, se organizan en Flandes, Alemania y Norte de Italia.&nbsp; Comienzan por ser explotaciones de tipo familiar, pero, en algunas zonas, pueblos enteros se dedican a la nueva industria. La caza e importaci\u00f3n desde las islas hab\u00eda dejado de ser necesaria y el canario, convertido ya en un verdadero animal dom\u00e9stico, comenzaba a diversificarse, inici\u00e1ndose la aparici\u00f3n de nuevos colores y de peculiares formas de canto.Sea como fuere , no fue hasta el a\u00f1o 1670 , hasta que no se produjo la primera mutaci\u00f3n (se cree que fue en Inglaterra en el aviario de la reina Isabel I,aunque todo apunta que fue en un aviario de Alemania). Por una anomal\u00eda en el color del manto, en este supuesto&nbsp;criadero nacieron ejemplares amarillos en vez de verdosos.Estos cantores amarillos con manto dorado se les llam\u00f3 , p\u00e1jaros azucarados.<\/p>\n\n\n\n<p class=\"has-small-font-size\"><br>&nbsp;&nbsp;&nbsp;&nbsp;Por circunstancia de las guerras entre Espa\u00f1a y Flandes impulsan la emigraci\u00f3n de numerosas familias flamencas hacia las islas Brit\u00e1nicas. Con ellas penetr\u00f3 el canario en forma masiva, para diversificarse poco a poco en razas, hoy conocidas como \u00abinglesas\u00bb. Flandes trabaj\u00f3 en las primeras variaciones de color, mientras que Alemania, Francia, los Pa\u00edses Bajos y Espa\u00f1a trabajaban fundamentalmente en lo que se refiere a la selecci\u00f3n del canto. Habr\u00eda que esperar al siglo XIX para que los criadores belgas llegaran a conseguir los \u00abcanarios ruise\u00f1or\u00bb, maravillosos cantores que dar\u00edan origen a los actuales Waterslager, y para que en las monta\u00f1as del Harz se formara la variedad Roller, cantores a pico semicerrado de suma melodiosidad que en Espa\u00f1a fueron tradicionalmente conocidos como \u00abcanarios flauta\u00bb.<\/p>\n\n\n\n<p class=\"has-small-font-size\">En cuanto a nuestra raza cantora por excelencia, el canario \u00abTimbrado Espa\u00f1ol\u00bb, tiene fijado su origen como raza muy recientemente, ya que se remonta a los \u00faltimos cuarenta-cincuenta a\u00f1os, si bien, desde antiguo, se seleccionaban los mejores cantores entre las primitivas cepas, se denominaba \u00abcanarios del pa\u00eds\u00bb. De aquellos legendarios \u00abcanarios del pa\u00eds\u00bb proceden directamente los actuales Timbrados Espa\u00f1oles. Es as\u00ed como aquellas criaturas cantoras acabaron teniendo \u00abtocados\u00bb como mo\u00f1os o plumas rizadas , aumentaron de tama\u00f1o y su cuello en algunas razas se alarg\u00f3. Fue la selecci\u00f3n, llevada a cabo por el hombre y encaminada y encaminada&nbsp;a crear animales con caracter\u00edsticas especiales hasta llegar a nuestros d\u00edas en los cuales todav\u00eda no se ha terminado ya que en los \u00faltimos a\u00f1os se han reconocido nuevas razas y nuevos factores de color. La canaricultura avanza , no sabemos donde acabar\u00e1 , pero lo que est\u00e1 claro que el deseado canario negro o el ansiado canario azul cada d\u00eda parece estar m\u00e1s cerca.<\/p>\n","protected":false},"excerpt":{"rendered":"<p>&nbsp;&nbsp;En la antig\u00fcedad, parece que las islas Canarias eran bien conocidas por fenicios y cartagineses, que practicaban el comercio con la poblaci\u00f3n ancestral guanche. &nbsp; Los or\u00edgenes del canario domestico se remonta al siglo XIV, cuando unos navegantes genoveses descubrieron a unos 100 kil\u00f3metros de la costa occidental del norte de \u00c1frica lo que hoy &hellip; <\/p>\n<p class=\"link-more\"><a href=\"https:\/\/aorac.es\/index.php\/origen-del-canario-domestico\/\" class=\"more-link\">Continuar leyendo<span class=\"screen-reader-text\"> \u00abOrigen del canario dom\u00e9stico\u00bb<\/span><\/a><\/p>\n","protected":false},"author":1,"featured_media":0,"parent":0,"menu_order":0,"comment_status":"closed","ping_status":"closed","template":"","meta":{"footnotes":""},"class_list":["post-157","page","type-page","status-publish","hentry"],"_links":{"self":[{"href":"https:\/\/aorac.es\/index.php\/wp-json\/wp\/v2\/pages\/157","targetHints":{"allow":["GET"]}}],"collection":[{"href":"https:\/\/aorac.es\/index.php\/wp-json\/wp\/v2\/pages"}],"about":[{"href":"https:\/\/aorac.es\/index.php\/wp-json\/wp\/v2\/types\/page"}],"author":[{"embeddable":true,"href":"https:\/\/aorac.es\/index.php\/wp-json\/wp\/v2\/users\/1"}],"replies":[{"embeddable":true,"href":"https:\/\/aorac.es\/index.php\/wp-json\/wp\/v2\/comments?post=157"}],"version-history":[{"count":2,"href":"https:\/\/aorac.es\/index.php\/wp-json\/wp\/v2\/pages\/157\/revisions"}],"predecessor-version":[{"id":165,"href":"https:\/\/aorac.es\/index.php\/wp-json\/wp\/v2\/pages\/157\/revisions\/165"}],"wp:attachment":[{"href":"https:\/\/aorac.es\/index.php\/wp-json\/wp\/v2\/media?parent=157"}],"curies":[{"name":"wp","href":"https:\/\/api.w.org\/{rel}","templated":true}]}}