{"id":166,"date":"2020-04-02T21:34:48","date_gmt":"2020-04-02T21:34:48","guid":{"rendered":"http:\/\/aorac.es\/?page_id=166"},"modified":"2020-04-05T21:18:49","modified_gmt":"2020-04-05T21:18:49","slug":"probioticos","status":"publish","type":"page","link":"https:\/\/aorac.es\/index.php\/probioticos\/","title":{"rendered":"Probi\u00f3ticos"},"content":{"rendered":"\n<p>\u00bfQu\u00e9 son los probi\u00f3ticos? El t\u00e9rmino probi\u00f3ticos data de 1965. Es un t\u00e9rmino que los cient\u00edficos adoptaron para describir una clase de microorganismos. Desde 1930, se sabe que las bacterias l\u00e1cticas contenidas en los yogures mejoran el motilit\u00e9 intestinal y alivian el estre\u00f1imiento. En 1989, Fuller propuso una definici\u00f3n m\u00e1s precisa: Suplemento alimentario de microorganismos vivos que modifican de manera beneficiosa al organismo hu\u00e9sped mejorando el equilibrio de su flora intestinal.<\/p>\n\n\n\n<p>Los probioticos son productos (organismos vivos) que favorecen el desarrollo de los microorganismos (bacterias) m\u00e1s que de destruirlos. Los resultados de las investigaciones convergen para concluir que cuando una poblaci\u00f3n floreciente de bacterias ventajosas se encuentra en el sistema digestivo, el medio ambiente intestinal se vuelve menos propicio para el desarrollo de las bacterias pat\u00f3genas. Todo ganadero o propietario de p\u00e1jaros serio colocar\u00e1 adecuadamente a su p\u00e1jaro y le ofrecer\u00e1 una alimentaci\u00f3n variada y del agua propia. Es posible que a la ocasi\u00f3n el agua est\u00e9 manchada por excrementos, pero al renovarla regularmente se espera que las algunas veces donde el p\u00e1jaro se reg\u00f3 en este caldo de cultivos de bacterias pat\u00f3genos, su organismo sea suficientemente fuerte para combatir esta invasi\u00f3n. Y en la mayor\u00eda de los casos, esto es lo que se produce.<\/p>\n\n\n\n<p>\u00bfPor qu\u00e9 elegir PROBIAVI? El objetivo principal contemplado en la elaboraci\u00f3n de PROBIAVI para p\u00e1jaros era la reducci\u00f3n de la mortalidad al nido en per\u00edodo de ganader\u00eda. PROBIAVI Una soluci\u00f3n natural para la salud \u00a1de sus p\u00e1jaros! PROBIAVI para p\u00e1jaros contiene 1,8 mil millones de UFC\/gramos; es 10 veces m\u00e1s que su m\u00e1s cerca posible candidato.<\/p>\n\n\n\n<p>Bacterias beneficiosas en PROBIAVI<br>La utilizaci\u00f3n de probi\u00f3ticos genera dos efectos beneficiosos importantes:<\/p>\n\n\n\n<p>En primer lugar, al mantener su sistema digestivo en estado \u00f3ptimo, se garantiza que los esfuerzos gastados para darle una alimentaci\u00f3n de calidad se hermanan su capacidad de absorber y transformar \u00e9sta en vitaminas, minerales y prote\u00ednas esenciales a su buena salud.<\/p>\n\n\n\n<p>En segundo lugar la adici\u00f3n de probiotiques en su comida, asegura una presencia constante de buena bacteria como el Lacto-bacillus acidophilus en su sistema digestivo. Esta presencia constante hecho de modo que la mayor\u00eda de los lugares disponibles en su tubo digestivo sean colonizadas por buenas bacterias. Por fin, un sistema digestivo en buena salud, cre\u00f3 un medio relativamente \u00e1cido que obstaculiz\u00f3 la colonizaci\u00f3n por bacterias pat\u00f3genas.<\/p>\n\n\n\n<p>La utilizaci\u00f3n de probi\u00f3ticos es especialmente beneficiosa en la ganader\u00eda de p\u00e1jaros. Sus padres colonizan la flora bacteriol\u00f3gica intestinal del p\u00e1jaro en la vejiga. Al a\u00f1adir PROBIAVI (1,8 mil millones CFU\/gr) en la pasta del aviario , se llega a resultados sorprendentes. Se sepa a los j\u00f3venes p\u00e1jaros crecen m\u00e1s r\u00e1pidamente y m\u00e1s f\u00e1cil y r\u00e1pidamente. Se redujo considerablemente el s\u00edndrome de la mortalidad debido a una p\u00e9rdida de peso severa .<\/p>\n\n\n\n<p>PARA DOSIFICACI\u00d3N EN EL AGUA Utilizar 8 gramos (dos cucharas a rasas) por litro de agua no tratada. Mezclar bien. La soluci\u00f3n est\u00e1 lista para utilizaci\u00f3n inmediata. Cambiar el agua a todos los d\u00edas. La soluci\u00f3n se conserva al refrigerador durante una semana. La soluci\u00f3n puede utilizarse para humedecer la pasta seca de cria o la comida de cria a la mano.<\/p>\n\n\n\n<p>DOSIFICACI\u00d3N DE MANTENIMIENTO DIARIA Dar a sus p\u00e1jaros pasta de la enriquecida de 8 gramos (dos cucharas a rasas) por kg de pasta. Conservar su pasta al refrigerador .Puede tambi\u00e9n triturar ligeramente el producto sobre una fruta. Para un peque\u00f1o p\u00e1jaro (pinz\u00f3n, canario, cotorra, etc): \u00bc de medida al d\u00eda. Para un p\u00e1jaro de tama\u00f1o medio (periquito de garganta azul, cockatiel, paloma, estornino, etc): \u00be de medida al d\u00eda. Para un grande p\u00e1jaro (cacat\u00faas, macareux, tucan, etc.): 1 medida al d\u00eda.<\/p>\n\n\n\n<p>DOSIFICACI\u00d3N PREVENTIVA &#8211; PER\u00cdODO DE TENSI\u00d3N INTENSO Durante los per\u00edodos de enfermedad, de tensi\u00f3n o despu\u00e9s de un tratamiento a los antibi\u00f3ticos, el doble de la dosis debe utilizarse cada d\u00eda, durante 10 d\u00edas. Se aconseja entonces utilizar una dosificaci\u00f3n en el agua m\u00e1s bien que sobre LA PASTA. Si el p\u00e1jaro no muestra se\u00f1ales de mejora despu\u00e9s de 2 d\u00edas, consulta a su veterinario. No se trata quiz\u00e1 de una infecci\u00f3n bacteriol\u00f3gica.<\/p>\n\n\n\n<p>Como criador de jilguero mayor desde hace varios a\u00f1os, deb\u00ed efectuar investigaciones a ra\u00edz de la p\u00e9rdida de algunos de mis p\u00e1jaros. Sabiendo que los jilgueros tienen un sistema digestivo de lo m\u00e1s caprichoso, intent\u00e9 varios tratamientos con el fin de reforzar su flora intestinal. Los resultados obtenidos que no eran suficientemente concluyentes, apenas me puse en busca de soluciones convenientes. Por \u00faltimo, al cabo de un determinado tiempo, caigo por pura casualidad sobre la compa\u00f1\u00eda PROBIAVI y decido hacer la prueba de su probi\u00f3ticos. Una vez recepci\u00f3n de mis productos, inmediatamente administr\u00e9 el tratamiento a mis p\u00e1jaros. El d\u00eda siguiente tuve en cuenta una neta diferencia en las fugaces de mis temas. Algunos d\u00edas m\u00e1s tarde, su comportamiento era m\u00e1s vivo y m\u00e1s en\u00e9rgico. Por ello, despu\u00e9s del per\u00edodo de muda, su plumaje era liso, apretado y con brillantez.<\/p>\n\n\n\n<p>GUDARI<\/p>\n","protected":false},"excerpt":{"rendered":"<p>\u00bfQu\u00e9 son los probi\u00f3ticos? El t\u00e9rmino probi\u00f3ticos data de 1965. Es un t\u00e9rmino que los cient\u00edficos adoptaron para describir una clase de microorganismos. Desde 1930, se sabe que las bacterias l\u00e1cticas contenidas en los yogures mejoran el motilit\u00e9 intestinal y alivian el estre\u00f1imiento. En 1989, Fuller propuso una definici\u00f3n m\u00e1s precisa: Suplemento alimentario de microorganismos &hellip; <\/p>\n<p class=\"link-more\"><a href=\"https:\/\/aorac.es\/index.php\/probioticos\/\" class=\"more-link\">Continuar leyendo<span class=\"screen-reader-text\"> \u00abProbi\u00f3ticos\u00bb<\/span><\/a><\/p>\n","protected":false},"author":1,"featured_media":0,"parent":0,"menu_order":0,"comment_status":"closed","ping_status":"closed","template":"","meta":{"footnotes":""},"class_list":["post-166","page","type-page","status-publish","hentry"],"_links":{"self":[{"href":"https:\/\/aorac.es\/index.php\/wp-json\/wp\/v2\/pages\/166","targetHints":{"allow":["GET"]}}],"collection":[{"href":"https:\/\/aorac.es\/index.php\/wp-json\/wp\/v2\/pages"}],"about":[{"href":"https:\/\/aorac.es\/index.php\/wp-json\/wp\/v2\/types\/page"}],"author":[{"embeddable":true,"href":"https:\/\/aorac.es\/index.php\/wp-json\/wp\/v2\/users\/1"}],"replies":[{"embeddable":true,"href":"https:\/\/aorac.es\/index.php\/wp-json\/wp\/v2\/comments?post=166"}],"version-history":[{"count":1,"href":"https:\/\/aorac.es\/index.php\/wp-json\/wp\/v2\/pages\/166\/revisions"}],"predecessor-version":[{"id":167,"href":"https:\/\/aorac.es\/index.php\/wp-json\/wp\/v2\/pages\/166\/revisions\/167"}],"wp:attachment":[{"href":"https:\/\/aorac.es\/index.php\/wp-json\/wp\/v2\/media?parent=166"}],"curies":[{"name":"wp","href":"https:\/\/api.w.org\/{rel}","templated":true}]}}