{"id":225,"date":"2020-04-02T22:47:42","date_gmt":"2020-04-02T22:47:42","guid":{"rendered":"http:\/\/aorac.es\/?page_id=225"},"modified":"2020-04-05T21:35:45","modified_gmt":"2020-04-05T21:35:45","slug":"calibres-orientatiovs","status":"publish","type":"page","link":"https:\/\/aorac.es\/index.php\/anillas\/calibres-orientatiovs\/","title":{"rendered":"Calibres orientativos"},"content":{"rendered":"\n<p>Datos orientativos del calibre de las anillas<br>y aves a las que se destinan<\/p>\n\n\n\n<p>Calibres recomendados para el anillado de las aves que concurren a nuestros cert\u00e1menes<\/p>\n\n\n\n<p>Observaciones:<\/p>\n\n\n\n<figure class=\"wp-block-table alignwide is-style-stripes\"><table class=\"has-fixed-layout\"><tbody><tr><td class=\"has-text-align-left\" data-align=\"left\">Calibre (mm)<\/td><td class=\"has-text-align-left\" data-align=\"left\">VARIEDAD O DENOMINACI\u00d3N DE LA ESPECIE: &nbsp;<\/td><\/tr><tr><td class=\"has-text-align-left\" data-align=\"left\">1.8<\/td><td class=\"has-text-align-left\" data-align=\"left\">EX\u00d3TICOS : Carita naranja, Amaranta del Senegal, Bengal\u00ed pechigualdo, Estrilda perdiz. &nbsp;<\/td><\/tr><tr><td class=\"has-text-align-left\" data-align=\"left\">2<\/td><td class=\"has-text-align-left\" data-align=\"left\">EX\u00d3TICOS: Estrilda cola de vinagre, Estrilda pico de coral, Pico de plata, Amaranta moteada, Noneta bicolor, Noneta, Noneta de dorso bruno, Azulito de Angola, Azulito del Senegal, Azulito de cabeza azul, Diamante de Bichenov, Yerbero de Cuba, Bengal\u00ed de la India, Bengal\u00ed verde, Estrilda ondulada.<br>FAUNA: Verdecillo. &nbsp;<\/td><\/tr><tr><td class=\"has-text-align-left\" data-align=\"left\">2.3<\/td><td class=\"has-text-align-left\" data-align=\"left\">EX\u00d3TICOS : Estrilda de Santa Elena, Amaranta flameada, Amadina de cabeza perlada, Ser\u00edn rabadilla amarilla, Verder\u00f3n serrano africano, Cantor de \u00c1frica, Canario de Mozambique, Granatina, Granadina violeta, Diamante Phaet\u00f3n. &nbsp;<\/td><\/tr><tr><td class=\"has-text-align-left\" data-align=\"left\">2.4\/2.5<\/td><td class=\"has-text-align-left\" data-align=\"left\">CANARIOS DE POSTURA: Raza espa\u00f1ola, Fife fancy, Hosso japon\u00e9s.<br>EX\u00d3TICOS: Pytilia melba, Pytilia afra, Estrilda aurora, Alario, Diamante ruficauda, Pico de plomo, Isabelita del Jap\u00f3n, Diamante de Gould, Gorri\u00f3n dorado del Sud\u00e1n, Degollado, Diamante papagayo, Diamante goteado (moteado), Diamante kittlitz (tricolor), Diamante de babero, Diamante de babero C\/L, Diamante mandar\u00edn, Diamante modesto, Diamante enmascarado, Diamante cuatricolor, Diamante de peale, Diamante de forbes, Diamante de Manila, D\u00e1mero, Donacola, Capuchino de cabeza blanca, Emblema picta, Cabecita negra, Tar\u00edn de pecho negro, Tar\u00edn Xantogastra, Negrito de Bolivia, Cardenalito de Venezuela.<br>FAUNA EUROPEA: Jilguero espa\u00f1ol, Jilguero europeo, L\u00fagano, Pardillo sicer\u00edn.<br>H\u00cdBRIDOS: Verdecillo x Canaria, Cardenalito de Venezuela x Canaria, Canario de Mozambique x Canaria, Cantor de \u00c1frica x Canaria, Rabadilla amarilla x Canaria, Cabecita negra x Canaria, Cardenalito de Venezuela x Jilguera.<\/td><\/tr><tr><td class=\"has-text-align-left\" data-align=\"left\">2.7<\/td><td class=\"has-text-align-left\" data-align=\"left\">EX\u00d3TICOS:&nbsp;&nbsp;Amadina de cabeza roja, Canario silvestre, Ser\u00edn vientre blanco, Canario de Santa Elena, Gran noneta, Diamante mandar\u00edn gigante, Verder\u00f3n de China, Verder\u00f3n de cabeza negra, Verder\u00f3n del Himalaya.<br>FAUNA: Pardillo com\u00fan, Jilguero siberiano, Gorri\u00f3n molinero, Camachuelo com\u00fan, Camachuelo trompetero.<br>H\u00cdBRIDOS: Jilguero x Canaria, L\u00fagano x Canaria, Pardillo com\u00fan x Canaria, Negrito de Bolivia x Canaria, Verder\u00f3n de China x Canaria, Jilguero x Verderona com\u00fan, Pardillo com\u00fan x Verderona com\u00fan.<\/td><\/tr><tr><td class=\"has-text-align-left\" data-align=\"left\">2.9<\/td><td class=\"has-text-align-left\" data-align=\"left\">CANARIOS DE CANTO: Todos.<br>CANARIOS DE COLOR: Todos.<br>CANARIOS DE POSTURA: Lizard, Mo\u00f1a alemana, Padovano,Giboso espa\u00f1ol, Scotch fancy, Bernois, Rizado del norte, Rizado del sur, Melado tinerfe\u00f1o, Rizado suizo, Bossu belga, Llarguet espa\u00f1ol Muniques, Gloster, Fiorino, Gibber italicus.<br>EX\u00d3TICOS: Ser\u00edn estriado, Ser\u00edn sulfurado, Camachuelo mejicano, Camachuelo de alas rosas.<br>FAUNA EUROPEA: Verder\u00f3n com\u00fan, Gorri\u00f3n com\u00fan, Camachuelo del norte, Pinz\u00f3n vulgar.<br>H\u00cdBRIDOS: Verder\u00f3n com\u00fan x Canaria, Camachuelo mejicano x Canaria, Camachuelo trompetero x Canaria.<\/td><\/tr><tr><td class=\"has-text-align-left\" data-align=\"left\">3.3\/3.4<\/td><td class=\"has-text-align-left\" data-align=\"left\">CANARIOS DE POSTURA: Lancashire, Border, Norwich, Yorkshire, Rizado de Paris, Crest, Rizado gigante italiano.<br>EX\u00d3TICOS: Paddas.<br>T\u00d3RTOLAS: T\u00f3rtola diamante, T\u00f3rtola m\u00e1scara de hierro, Codorniz de la China , T\u00f3rtola Estriada, etc.<br>PSIT\u00c1CIDOS: Periquitos (Bourke, Esplendida, Edward o Turquesa), Agapornis de cabeza gris, Forpus, etc.<\/td><\/tr><tr><td class=\"has-text-align-left\" data-align=\"left\">4<\/td><td class=\"has-text-align-left\" data-align=\"left\">PSIT\u00c1CIDOS: Agapornis lilianaes, Agapornis Cana,&nbsp; Periquito Barbado (Catarina), etc. &nbsp;<\/td><\/tr><tr><td class=\"has-text-align-left\" data-align=\"left\">4.5<\/td><td class=\"has-text-align-left\" data-align=\"left\">PSIT\u00c1CIDOS: Agapornis Ficher, Agapornis Personata, Agapornis Rosicolis, AgapornisTaranta, Periquito ingl\u00e9s, Kakariki de frente roja, etc. &nbsp;<\/td><\/tr><tr><td class=\"has-text-align-left\" data-align=\"left\">5<\/td><td class=\"has-text-align-left\" data-align=\"left\">PSIT\u00c1CIDOS: Ninfa, Rosella com\u00fan, etc. &nbsp;<\/td><\/tr><tr><td class=\"has-text-align-left\" data-align=\"left\">6<\/td><td class=\"has-text-align-left\" data-align=\"left\">PSIT\u00c1CIDOS : Cotorra arco iris, Rosella de Pennant, etc.<br>T\u00d3RTOLAS: Col\u00edn de Virginia, T\u00f3rtola coraz\u00f3n sangrante, T\u00f3rtola turca, T\u00f3rtola com\u00fan. &nbsp;<\/td><\/tr><tr><td class=\"has-text-align-left\" data-align=\"left\">7<\/td><td class=\"has-text-align-left\" data-align=\"left\">PSIT\u00c1CIDOS: Periquito de Kramer, etc. &nbsp;<\/td><\/tr><\/tbody><\/table><\/figure>\n\n\n\n<p>1.&nbsp; Estos datos son informativos y orientativos para conocimiento del anillado de los ejemplares de las distintas razas.<\/p>\n\n\n\n<p>2.&nbsp;&nbsp;Seg\u00fan indica la normativa vigente, la anilla que deber\u00e1n llevar los ejemplares, ser\u00e1 aquella que no pueda ser extra\u00edda de la pata del p\u00e1jaro en ning\u00fan momento.<\/p>\n\n\n\n<p>3.&nbsp;&nbsp;Todo p\u00e1jaro que tenga la anilla deformada, ilegible o muy grande que le permita ser extra\u00edda o introducida de adulto en la pata ser\u00e1 descalificado.<\/p>\n","protected":false},"excerpt":{"rendered":"<p>Datos orientativos del calibre de las anillasy aves a las que se destinan Calibres recomendados para el anillado de las aves que concurren a nuestros cert\u00e1menes Observaciones: Calibre (mm) VARIEDAD O DENOMINACI\u00d3N DE LA ESPECIE: &nbsp; 1.8 EX\u00d3TICOS : Carita naranja, Amaranta del Senegal, Bengal\u00ed pechigualdo, Estrilda perdiz. &nbsp; 2 EX\u00d3TICOS: Estrilda cola de vinagre, &hellip; <\/p>\n<p class=\"link-more\"><a href=\"https:\/\/aorac.es\/index.php\/anillas\/calibres-orientatiovs\/\" class=\"more-link\">Continuar leyendo<span class=\"screen-reader-text\"> \u00abCalibres orientativos\u00bb<\/span><\/a><\/p>\n","protected":false},"author":1,"featured_media":0,"parent":213,"menu_order":0,"comment_status":"closed","ping_status":"closed","template":"","meta":{"footnotes":""},"class_list":["post-225","page","type-page","status-publish","hentry"],"_links":{"self":[{"href":"https:\/\/aorac.es\/index.php\/wp-json\/wp\/v2\/pages\/225","targetHints":{"allow":["GET"]}}],"collection":[{"href":"https:\/\/aorac.es\/index.php\/wp-json\/wp\/v2\/pages"}],"about":[{"href":"https:\/\/aorac.es\/index.php\/wp-json\/wp\/v2\/types\/page"}],"author":[{"embeddable":true,"href":"https:\/\/aorac.es\/index.php\/wp-json\/wp\/v2\/users\/1"}],"replies":[{"embeddable":true,"href":"https:\/\/aorac.es\/index.php\/wp-json\/wp\/v2\/comments?post=225"}],"version-history":[{"count":9,"href":"https:\/\/aorac.es\/index.php\/wp-json\/wp\/v2\/pages\/225\/revisions"}],"predecessor-version":[{"id":950,"href":"https:\/\/aorac.es\/index.php\/wp-json\/wp\/v2\/pages\/225\/revisions\/950"}],"up":[{"embeddable":true,"href":"https:\/\/aorac.es\/index.php\/wp-json\/wp\/v2\/pages\/213"}],"wp:attachment":[{"href":"https:\/\/aorac.es\/index.php\/wp-json\/wp\/v2\/media?parent=225"}],"curies":[{"name":"wp","href":"https:\/\/api.w.org\/{rel}","templated":true}]}}