{"id":240,"date":"2020-04-02T22:59:34","date_gmt":"2020-04-02T22:59:34","guid":{"rendered":"http:\/\/aorac.es\/?page_id=240"},"modified":"2020-04-06T21:29:05","modified_gmt":"2020-04-06T21:29:05","slug":"historia","status":"publish","type":"page","link":"https:\/\/aorac.es\/index.php\/la-asociacion\/historia\/","title":{"rendered":"Historia"},"content":{"rendered":"\n<p>La Asociaci\u00f3n Ornitol\u00f3gica \u00abRibera Alta\u00bb de Carcaixent fue creada por un grupo de criadores y amantes de los p\u00e1jaros. Estos amigos y fundadores fueron: Sr. Arturo Pellicer, Sr. Jos\u00e9 Vidal (el papelero), Sr. Bautista Benavent Jos\u00e9 y el Sr. Vicente Chelvi. Luego se unieron m\u00e1s criadores como el Sr. Bernardo Gonz\u00e1lez, Sr. Enrique Pl\u00e1 Mart\u00ednez y el Sr. Juan Art\u00e9s, entre otros.<\/p>\n\n\n\n<p>Cada uno criaba por su cuenta y compraban lo que necesitaban sus canarios por separado. Podemos decir que la primera reuni\u00f3n fue para comprar juntos los alimentos para sus p\u00e1jaros para que les saliera m\u00e1s econ\u00f3mico y tambi\u00e9n vender a otros. Estas reuniones se realizaban en una cochera del Sr. Jos\u00e9 Vidal. Su primer presidente fue entonces el Sr. Arturo Pellicer. Estamos hablando de finales de los a\u00f1os 60.<\/p>\n\n\n\n<p>El primer local fue en el Pasaje Soriano, en el que se estuvieron muchos a\u00f1os y despu\u00e9s se pasaron a la C\/ La Reina, 15 (bajo). Por motivos de la construcci\u00f3n de una nueva vivienda en ese local, nos tuvimos que trasladar a la C\/ Balmes, 104 (bajo). Al ser \u00e9ste un local relativamente peque\u00f1o tuvimos que, sin prisa pero sin pausa, buscar otro que nos satisfaciera nuestras necesidades. As\u00ed pues, en Abril del 2012, nos trasladamos a la C\/ Teodoro Lorente, 16, bajo C, y en Diciembre del 2016 a la C\/ Mariano Benlliure, 21, bajo C, y que es nuestra actual ubicaci\u00f3n. Todas ellas en la localidad de Carcaixent.<\/p>\n\n\n\n<p>Casi todos los a\u00f1os se han celebrado concursos ornitol\u00f3gicos y en el 2011 se celebr\u00f3 el que hace su XXXV Edici\u00f3n. La media de Socios ha sido siempre de unos 80. Destacar que ha sido y es una Sociedad que sus Socios son de todas las poblaciones de alrededor de la localidad de Carcaixent, como por ejemplo de Alzira, Alberic, La Pobla LLarga, Manuel, Vva. De Castell\u00f3n, etc, \u2026<\/p>\n\n\n\n<p>Destacar que en el 2011 fuimos la 8\u00aa sociedad (pertenecientes a FOCVA) con m\u00e1s anillas solicitadas (7.190 uds) y en el 2012 la 5\u00aa (7.500 uds). Por \u00faltimo, a\u00f1adir, que de los cuatro fundadores de esta Sociedad queda uno (Sr. Vicente Chelvi), que es uno de los criadores m\u00e1s activos y que sin \u00e9l no hubi\u00e9ramos podido realizar esta documentaci\u00f3n.<\/p>\n","protected":false},"excerpt":{"rendered":"<p>La Asociaci\u00f3n Ornitol\u00f3gica \u00abRibera Alta\u00bb de Carcaixent fue creada por un grupo de criadores y amantes de los p\u00e1jaros. Estos amigos y fundadores fueron: Sr. Arturo Pellicer, Sr. Jos\u00e9 Vidal (el papelero), Sr. Bautista Benavent Jos\u00e9 y el Sr. Vicente Chelvi. Luego se unieron m\u00e1s criadores como el Sr. Bernardo Gonz\u00e1lez, Sr. Enrique Pl\u00e1 Mart\u00ednez &hellip; <\/p>\n<p class=\"link-more\"><a href=\"https:\/\/aorac.es\/index.php\/la-asociacion\/historia\/\" class=\"more-link\">Continuar leyendo<span class=\"screen-reader-text\"> \u00abHistoria\u00bb<\/span><\/a><\/p>\n","protected":false},"author":1,"featured_media":0,"parent":237,"menu_order":0,"comment_status":"closed","ping_status":"closed","template":"templates\/template-full-width.php","meta":{"footnotes":""},"class_list":["post-240","page","type-page","status-publish","hentry"],"_links":{"self":[{"href":"https:\/\/aorac.es\/index.php\/wp-json\/wp\/v2\/pages\/240","targetHints":{"allow":["GET"]}}],"collection":[{"href":"https:\/\/aorac.es\/index.php\/wp-json\/wp\/v2\/pages"}],"about":[{"href":"https:\/\/aorac.es\/index.php\/wp-json\/wp\/v2\/types\/page"}],"author":[{"embeddable":true,"href":"https:\/\/aorac.es\/index.php\/wp-json\/wp\/v2\/users\/1"}],"replies":[{"embeddable":true,"href":"https:\/\/aorac.es\/index.php\/wp-json\/wp\/v2\/comments?post=240"}],"version-history":[{"count":1,"href":"https:\/\/aorac.es\/index.php\/wp-json\/wp\/v2\/pages\/240\/revisions"}],"predecessor-version":[{"id":242,"href":"https:\/\/aorac.es\/index.php\/wp-json\/wp\/v2\/pages\/240\/revisions\/242"}],"up":[{"embeddable":true,"href":"https:\/\/aorac.es\/index.php\/wp-json\/wp\/v2\/pages\/237"}],"wp:attachment":[{"href":"https:\/\/aorac.es\/index.php\/wp-json\/wp\/v2\/media?parent=240"}],"curies":[{"name":"wp","href":"https:\/\/api.w.org\/{rel}","templated":true}]}}