{"id":243,"date":"2020-04-02T23:03:06","date_gmt":"2020-04-02T23:03:06","guid":{"rendered":"http:\/\/aorac.es\/?page_id=243"},"modified":"2020-04-02T23:03:06","modified_gmt":"2020-04-02T23:03:06","slug":"directiva","status":"publish","type":"page","link":"https:\/\/aorac.es\/index.php\/la-asociacion\/directiva\/","title":{"rendered":"Directiva"},"content":{"rendered":"\n<figure class=\"wp-block-table is-style-stripes\"><table class=\"has-fixed-layout\"><tbody><tr><td>Presidente<\/td><td>Andr\u00e9s P\u00e9rez Peris<\/td><\/tr><tr><td>Vicepresidente<\/td><td>Modesto Monle\u00f3n Sales<\/td><\/tr><tr><td>Secretario<\/td><td>Santiago Avenda\u00f1o<\/td><\/tr><tr><td>Tesorero<\/td><td>Modesto Monle\u00f3n Sales<\/td><\/tr><tr><td>Vocales<\/td><td>Jos\u00e9 Vay\u00e1 Rocafort<br>Salvador Torres Castell\u00f3<br>Salvador Vaya<br>Miguel A. Villalba<br>Rogelio Gil<\/td><\/tr><\/tbody><\/table><\/figure>\n","protected":false},"excerpt":{"rendered":"<p>Presidente Andr\u00e9s P\u00e9rez Peris Vicepresidente Modesto Monle\u00f3n Sales Secretario Santiago Avenda\u00f1o Tesorero Modesto Monle\u00f3n Sales Vocales Jos\u00e9 Vay\u00e1 RocafortSalvador Torres Castell\u00f3Salvador VayaMiguel A. VillalbaRogelio Gil<\/p>\n","protected":false},"author":1,"featured_media":0,"parent":237,"menu_order":0,"comment_status":"closed","ping_status":"closed","template":"","meta":{"footnotes":""},"class_list":["post-243","page","type-page","status-publish","hentry"],"_links":{"self":[{"href":"https:\/\/aorac.es\/index.php\/wp-json\/wp\/v2\/pages\/243","targetHints":{"allow":["GET"]}}],"collection":[{"href":"https:\/\/aorac.es\/index.php\/wp-json\/wp\/v2\/pages"}],"about":[{"href":"https:\/\/aorac.es\/index.php\/wp-json\/wp\/v2\/types\/page"}],"author":[{"embeddable":true,"href":"https:\/\/aorac.es\/index.php\/wp-json\/wp\/v2\/users\/1"}],"replies":[{"embeddable":true,"href":"https:\/\/aorac.es\/index.php\/wp-json\/wp\/v2\/comments?post=243"}],"version-history":[{"count":1,"href":"https:\/\/aorac.es\/index.php\/wp-json\/wp\/v2\/pages\/243\/revisions"}],"predecessor-version":[{"id":244,"href":"https:\/\/aorac.es\/index.php\/wp-json\/wp\/v2\/pages\/243\/revisions\/244"}],"up":[{"embeddable":true,"href":"https:\/\/aorac.es\/index.php\/wp-json\/wp\/v2\/pages\/237"}],"wp:attachment":[{"href":"https:\/\/aorac.es\/index.php\/wp-json\/wp\/v2\/media?parent=243"}],"curies":[{"name":"wp","href":"https:\/\/api.w.org\/{rel}","templated":true}]}}