{"id":80,"date":"2020-04-02T18:54:42","date_gmt":"2020-04-02T18:54:42","guid":{"rendered":"http:\/\/aorac.es\/?page_id=80"},"modified":"2020-04-06T20:28:36","modified_gmt":"2020-04-06T20:28:36","slug":"politica-de-privacidad","status":"publish","type":"page","link":"https:\/\/aorac.es\/index.php\/politica-de-privacidad\/","title":{"rendered":"Protecci\u00f3n de datos"},"content":{"rendered":"\n<p><strong>ASOCIACI\u00d3N ORNITOL\u00d3GICA \u201cRIBERA ALTA\u201d DE CARCAIXENT<\/strong>, como organizaci\u00f3n para la pr\u00e1ctica de la Ornitolog\u00eda, es una&nbsp;entidad recreativa, deportiva y social&nbsp; cuyos fines, en cumplimiento de sus estatutos, lo constituyen:<\/p>\n\n\n\n<ul><li>Cr\u00eda y perfeccionamiento de los canarios y p\u00e1jaros ex\u00f3ticos, en todas sus gamas, dentro de las normas legales establecidas.<\/li><li>Conocimiento t\u00e9cnico del canto y sus diversas clases de colorido y sus mutaciones.<\/li><li>Difusi\u00f3n y fomento para llevar a cabo sus fines en el campo de la ornitolog\u00eda.<\/li><\/ul>\n\n\n\n<p>De conformidad con el Reglamento General de Protecci\u00f3n de Datos 2016\/679, del Parlamento Europeo y del Consejo, de 27 de abril de 2016, esta Pol\u00edtica de Privacidad tiene por objeto dar a conocer e informar el modo en el que la entidad&nbsp;<strong>ASOCIACI\u00d3N ORNITOL\u00d3GICA \u201cRIBERA ALTA\u201d DE CARCAIXENT <\/strong>recaba, trata y protege los datos de car\u00e1cter personal de sus socios, y de los usuarios que accedan&nbsp;o hagan&nbsp;uso de sus servicios.<\/p>\n\n\n\n<p>Comprometida con la transparencia y legalidad en el tratamiento de datos personales de sus socios y usuarios, y con motivo de la entrada en vigor del Reglamento General de Protecci\u00f3n de Datos Personales (RGPD), hemos llevado a cabo la adaptaci\u00f3n de su Pol\u00edtica de Privacidad con la finalidad de cumplir con las exigencias de la mencionada normativa, y con el principal &nbsp;objetivo de garantizar que todos los datos personales que controla o procesa <strong>ASOCIACI\u00d3N ORNITOL\u00d3GICA \u201cRIBERA ALTA\u201d DE CARCAIXENT<\/strong> est\u00e9n sujetos a medidas de privacidad y seguridad suficientes y efectivas, as\u00ed como poder demostrar que cumplimos con nuestras obligaciones conforme a esta legislaci\u00f3n. &nbsp;<br>&nbsp;<\/p>\n\n\n\n<p>Para ello, a continuaci\u00f3n le informamos de todos los aspectos m\u00e1s relevantes y los legalmente exigidos relativos a la pol\u00edtica del&nbsp; tratamiento y protecci\u00f3n de los datos personales:<br><\/p>\n\n\n\n<p>1.- RESPONSABLE DEL TRATAMIENTO DE SUS DATOS:<\/p>\n\n\n\n<ul class=\"wp-block-list\"><li>IDENTIDAD: ASOCIACI\u00d3N ORNITOL\u00d3GICA \u201cRIBERA ALTA\u201d DE CARCAIXENT<\/li><li>CIF: G46308896<\/li><li>Direcci\u00f3n Postal: C\/ Mariano Benlliure, 21, bajo C, 46740 \u2013 Carcaixent (VALENCIA)<\/li><li>Tel\u00e9fono: 615.691.573<\/li><li>Correo electr\u00f3nico:<a href=\"mailto: ribera.alta.carcaixent@hotmail.com\">ribera.alta.carcaixent@hotmail.com<\/a><\/li><\/ul>\n\n\n\n<p><strong>2.- FINALIDADES DEL TRATAMIENTO DE LOS DATOS PERSONALES<\/strong><\/p>\n\n\n\n<p>La entidad <strong>ASOCIACI\u00d3N ORNITOL\u00d3GICA \u201cRIBERA ALTA\u201d DE CARCAIXENT&nbsp;<\/strong> trata los datos personales recabados de sus socios y usuarios &nbsp;para poderles&nbsp; prestar adecuadamente sus servicios y cumplir con los fines leg\u00edtimamente establecidos en el Art\u00edculo 4 de los estatutos sociales, en concreto con las siguientes actividades:<\/p>\n\n\n\n<p>La Asociaci\u00f3n realizar\u00e1 sus actividades a nivel local y dentro de la Comunidad Valenciana con las normas que establece la F.O.C.V.A.<br>Las reuniones e intercambio de impresiones respecto a la ornitolog\u00eda y sus cursillos. Una vez al a\u00f1o se realizar\u00e1 el concurso ornitol\u00f3gico que coincide a final de a\u00f1o y que se realiza en el local de reuniones o en otro que nos habilite M.I. Ayuntamiento, para tal fin. A este pueden participar todos los que est\u00e9n asociados, bien a nivel local, provincial o nacional.<\/p>\n\n\n\n<p>2.1. Derechos del Socio:<\/p>\n\n\n\n<ol class=\"wp-block-list\"><li>A participar en las actividades de la Asociaci\u00f3n y en los \u00f3rganos de gobierno y representaci\u00f3n, a ejercer el derecho de voto, as\u00ed como a asistir a la Asamblea General, de acuerdo con los Estatutos. Para poder ser miembro de los \u00f3rganos de representaci\u00f3n es requisito imprescindible ser mayor de edad, estar en pleno uso de los derechos civiles y no estar incurso en los motivos de incompatibilidad establecidos en la legislaci\u00f3n vigente.<\/li><li>A ser informados acerca de la composici\u00f3n de los \u00f3rganos de gobierno y representaci\u00f3n de la Asociaci\u00f3n, de su estado de cuentas y del desarrollo de su actividad. Podr\u00e1n acceder a toda la informaci\u00f3n a trav\u00e9s de los \u00f3rganos de representaci\u00f3n.<\/li><li>A ser o\u00eddo con car\u00e1cter previo a la adopci\u00f3n de medidas disciplines contra \u00e9l y a ser informado de los hechos que den lugar a tales medidas, debiendo ser motivado el acuerdo que, en su caso, imponga la sanci\u00f3n.<\/li><li>A impugnar los acuerdos de los \u00f3rganos de la Asociaci\u00f3n que estime contrarios a la Ley o a los Estatutos.<\/li><\/ol>\n\n\n\n<p><br>2.2. Deberes del Socio:&nbsp;<\/p>\n\n\n\n<ol class=\"wp-block-list\"><li>Compartir las finalidades de la Asociaci\u00f3n y colaborar para la consecuci\u00f3n de las mismas.<\/li><li>Pagar las cuotas, derramas y otras aportaciones que, con arreglo a los Estatutos, puedan corresponder a cada socio.<\/li><li>Acatar y cumplir los acuerdos v\u00e1lidamente adoptados por los \u00f3rganos de gobierno y representaci\u00f3n de la asociaci\u00f3n.<\/li><li>Ajustar su actuaci\u00f3n a las disposiciones estatutarias.<\/li><\/ol>\n\n\n\n<p><strong>2.3. <\/strong>Dar cumplimiento a sus obligaciones legales. &nbsp;<\/p>\n\n\n\n<p><strong>2.4-<\/strong>Mantener informados a los socios y usuarios a trav\u00e9s de su p\u00e1gina web, revista u otros soportes similares&nbsp;sobre los servicios y actividades de la Sociedad, as\u00ed como enviarles informaci\u00f3n de servicios y actividades promovidos y\/o prestados por&nbsp;otras entidades colaboradoras, siempre en cumplimiento de las normativas de la <strong>ASOCIACI\u00d3N ORNITOL\u00d3GICA \u201cRIBERA ALTA\u201d DE CARCAIXENT<\/strong>.&nbsp;<br><\/p>\n\n\n\n<p><strong>2.5.<\/strong> Publicaci\u00f3n de im\u00e1genes de las actividades y servicios programados o en los que participe y\/o colabore la <strong>ASOCIACI\u00d3N ORNITOL\u00d3GICA \u201cRIBERA ALTA\u201d DE CARCAIXENT<\/strong>, y en la que aparezcan socios y usuarios. Cuando se trate de im\u00e1genes de actividades o servicios dela Asociaci\u00f3n en las que aparezcan&nbsp; menores de edad, se requerir\u00e1 el consentimiento expreso de sus padres\/madres o tutores legales.<br>&nbsp;<br><\/p>\n\n\n\n<p>3.- PROCEDENCIA DE LOS DATOS<\/p>\n\n\n\n<p>Los datos personales que tratamos en la <strong>ASOCIACI\u00d3N ORNITOL\u00d3GICA \u201cRIBERA ALTA\u201d DE CARCAIXENT<\/strong> proceden del propio interesado, del padre\/madre o tutor legal. En el caso de que su procedencia sea a trav\u00e9s de terceros, se acreditar\u00e1 el consentimiento para el tratamiento y cesi\u00f3n de los mismos a la Sociedad.<br>&nbsp;<\/p>\n\n\n\n<p>Las categor\u00edas de datos que se tratan son:<br><\/p>\n\n\n\n<ul class=\"wp-block-list\"><li><\/li><\/ul>\n\n\n\n<p>Como categor\u00edas de datos especiales no se tratan ninguno.<br>&nbsp;<\/p>\n\n\n\n<p>Por tanto, los socios &nbsp;y usuarios de la <strong>ASOCIACI\u00d3N ORNITOL\u00d3GICA \u201cRIBERA ALTA\u201d DE CARCAIXENT<\/strong> garantizan y responden, en cualquier caso, de la exactitud, vigencia y autenticidad de los datos personales facilitados, y se comprometen a mantenerlos debidamente actualizados.<\/p>\n\n\n\n<p>4.- CONSERVACI\u00d3N DE LOS DATOS<\/p>\n\n\n\n<p>Los datos personales proporcionados se conservar\u00e1n mientras sean necesarias para atender a las finalidades para las que, en cada caso, hayan sido recabados, y ser\u00e1n as\u00ed mismo conservados conforme a los plazos legalmente establecidos para el cumplimiento de obligaciones legales exigibles a <strong>ASOCIACI\u00d3N ORNITOL\u00d3GICA \u201cRIBERA ALTA\u201d DE CARCAIXENT<\/strong>, y tras el cese en la condici\u00f3n de socio&nbsp;durante los plazos de prescripci\u00f3n de cuantas acciones de toda \u00edndole pudieran derivarse de su pertenencia a la Sociedad. &nbsp; &nbsp;<\/p>\n\n\n\n<p>En aquellos tratamientos cuyo inter\u00e9s leg\u00edtimo sea el consentimiento expreso, &nbsp;as\u00ed como aquellos relacionados con los datos personales de menores, env\u00edo de comunicaciones comerciales, eventos de terceros, promociones de patrocinadores, publicaci\u00f3n de im\u00e1genes y datos identificativos en p\u00e1ginas web y redes sociales, se conservar\u00e1n mientras los afectados no ejerzan sus derechos de supresi\u00f3n, olvido, y limitaci\u00f3n de la finalidad.<br>&nbsp;<\/p>\n\n\n\n<p>Los socios pueden solicitar m\u00e1s informaci\u00f3n sobre los plazos de conservaci\u00f3n de datos personales de <strong>ASOCIACI\u00d3N ORNITOL\u00d3GICA \u201cRIBERA ALTA\u201d DE CARCAIXENT<\/strong> &nbsp;pidi\u00e9ndolo a <a href=\"mailto: ribera.alta.carcaixent@hotmail.com\">ribera.alta.carcaixent@hotmail.com<\/a>.<br>&nbsp;<\/p>\n\n\n\n<p>5.- LEGITIMACI\u00d3N. T\u00cdTULO LEGAL HABILITANTE PARA EL USO DE LOS DATOS<\/p>\n\n\n\n<p>La legitimaci\u00f3n para el tratamiento de los datos por parte de la <strong>ASOCIACI\u00d3N ORNITOL\u00d3GICA \u201cRIBERA ALTA\u201d DE CARCAIXENT<\/strong> se efectuar\u00e1 en los t\u00e9rminos establecidos por el art\u00edculo 6 del Reglamento General Europeo de Protecci\u00f3n de Datos, relativo a datos ordinarios, o, en su caso, al art\u00edculo 9 de dicho Reglamento Europeo relativo a categor\u00edas especiales de datos, siendo informada la persona titular de los mismos del t\u00edtulo o t\u00edtulos de licitud que en cada prestaci\u00f3n de servicio se apliquen.<\/p>\n\n\n\n<p>&nbsp;<br>Ser\u00e1n por tanto base jur\u00eddica del tratamiento de los datos:<br><\/p>\n\n\n\n<p><strong>5.1.- El cumplimiento, ejecuci\u00f3n y control de la relaci\u00f3n del socio con la SOCIEDAD<\/strong>, derivado de la condici\u00f3n de socio conforme se regula en los art\u00edculos 7 y 8 de los estatutos sociales.<\/p>\n\n\n\n<p><strong>5.2 El&nbsp;inter\u00e9s leg\u00edtimo<\/strong> de la <strong>ASOCIACI\u00d3N ORNITOL\u00d3GICA \u201cRIBERA ALTA\u201d DE CARCAIXENT<\/strong> en el tratamiento de los datos personales para la cumplimentaci\u00f3n de las finalidades propias de la Sociedad relacionadas en el apartado 2 del presente documento, as\u00ed como de las que se deriven de la condici\u00f3n de socio del interesado, conforme ha quedado regulado en el Cap\u00edtulo II de los estatutos sociales \u201dLos Asociados\u201d.&nbsp; Igualmente para mantener informado al socio, por cualquier medio de comunicaci\u00f3n (correo postal, electr\u00f3nico, tel\u00e9fono, otros&nbsp; medios de comunicaci\u00f3n electr\u00f3nica, etc.) sobre las actividades &nbsp;y servicios de la <strong>ASOCIACI\u00d3N ORNITOL\u00d3GICA \u201cRIBERA ALTA\u201d DE CARCAIXENT<\/strong> y de sus entidades colaboradoras. &nbsp;<\/p>\n\n\n\n<p>Cualquier tratamiento basado en el inter\u00e9s leg\u00edtimo se lleva a cabo por la<strong> ASOCIACI\u00d3N ORNITOL\u00d3GICA \u201cRIBERA ALTA\u201d DE CARCAIXENT <\/strong>con respeto a su derecho a la protecci\u00f3n de datos personales, al honor y a la intimidad personal y familiar y se adoptar\u00e1n las medidas necesarias para garantizar dicho respeto.<\/p>\n\n\n\n<p><strong>5.3 El cumplimiento de las obligaciones legales<\/strong> aplicables a la <strong>ASOCIACI\u00d3N ORNITOL\u00d3GICA \u201cRIBERA ALTA\u201d DE CARCAIXENT<\/strong> como entidad &nbsp;recreativa, deportiva y social&nbsp; quien debe cumplir adem\u00e1s con&nbsp; las impuestas por la normativa espec\u00edfica de las Asociaciones. &nbsp; En todo caso, debe tener en cuenta que siempre se puede ejercer el derecho de oposici\u00f3n a recibir comunicaciones comerciales (tal y como se describe m\u00e1s adelante).<\/p>\n\n\n\n<p><strong>5.4 El consentimiento expreso<\/strong> otorgado por el socio, usuario y en su caso padre\/madre o tutor legal del menor de edad, en relaci\u00f3n con aquellas finalidades para las que se solicita, concretamente los tratamientos relacionados con: datos de menores y su autorizaci\u00f3n, publicaci\u00f3n de im\u00e1genes y v\u00eddeos en medios corporativos como p\u00e1gina web, aplicaci\u00f3n m\u00f3vil, RRSS, revistas, boletines, env\u00edo de boletines y revistas y cesi\u00f3n de datos a terceras entidades. &nbsp;<\/p>\n\n\n\n<p>A los presentes efectos se considera menores de edad a los menores que no hayan cumplido 14 a\u00f1os (RLOPD art.13.1), excepto para los tratamientos relacionados con la oferta directa de servicios de la sociedad de la informaci\u00f3n, en cuyo caso ser\u00e1 necesario el consentimiento expreso del titular de la patria potestad o tutor legal del menor de 16 a\u00f1os (art.8 RGPD).<br>&nbsp;<\/p>\n\n\n\n<p>Se considerar\u00e1n v\u00e1lidos los consentimientos otorgados con anterioridad a la entrada en vigor del vigente RGPD que cumplan con sus requisitos, permiti\u00e9ndose en tal caso la continuidad en el tratamiento, mientras dicho consentimiento no sea expresamente revocado, manteni\u00e9ndose la licitud del tratamiento anterior a la expresa revocaci\u00f3n.&nbsp;<br>&nbsp;<\/p>\n\n\n\n<p>6.- DESTINATARIOS A LOS QUE SE COMUNICAN SUS DATOS.<\/p>\n\n\n\n<p>Durante el tratamiento de los datos personales la <strong>ASOCIACI\u00d3N ORNITOL\u00d3GICA \u201cRIBERA ALTA\u201d DE CARCAIXENT<\/strong> no realizar\u00e1 ninguna cesi\u00f3n de \u00e9stos, salvo en cumplimiento de una obligaci\u00f3n legal, cumplimiento de una finalidad, &nbsp;o previa autorizaci\u00f3n de la persona a la que se solicitar\u00e1 en el caso en que sea necesario, inform\u00e1ndole de las consecuencias que de no hacerlo pueden suponer y, en concreto, la imposibilidad de prestar el servicio o la actividad de la SOCIEDAD de que se trate. &nbsp;<\/p>\n\n\n\n<p>La realizaci\u00f3n de las distintas actividades y prestaci\u00f3n de servicios puede requerir la utilizaci\u00f3n de comunicaciones a empresas de servicios inform\u00e1ticos que act\u00faan en calidad de encargados de tratamiento sometidas a condiciones de confidencialidad y seguridad en el tratamiento de los datos. &nbsp;<\/p>\n\n\n\n<p>Los datos se comunicar\u00e1n a los siguientes destinatarios:<\/p>\n\n\n\n<ul class=\"wp-block-list\"><li>Administraci\u00f3n p\u00fablica con competencia en la materia, con la finalidad del cumplimiento de las obligaciones legales.<\/li><li>Federaciones deportivas, con la finalidad de participaci\u00f3n en competiciones y\/o concursos.<\/li><li>Empresas y organizaciones relacionadas con&nbsp; la <strong>ASOCIACI\u00d3N ORNITOL\u00d3GICA \u201cRIBERA ALTA\u201d DE CARCAIXENT<\/strong> : asesor\u00eda, inform\u00e1tica, asesor\u00edas fiscales y legales, abogados \u2026 todo ello con la finalidad de prestar los servicios alaSociedad y al Socio.<\/li><\/ul>\n\n\n\n<p>As\u00ed mismo, para poder prestar un servicio adecuado, y gestionar la relaci\u00f3n de la Sociedad con el socio y usuarios, es posible que sea necesario el acceso y\/o tratamiento de los datos personales por parte de encargados de tratamiento y\/o profesionales especializados.<\/p>\n\n\n\n<p>7.- TRANSFERENCIAS DE DATOS A TERCEROS PA\u00cdSES<\/p>\n\n\n\n<p>No est\u00e1n previstas transferencias de datos a terceros pa\u00edses.<\/p>\n\n\n\n<p>8.- DERECHOS<\/p>\n\n\n\n<p><strong>ASOCIACI\u00d3N ORNITOL\u00d3GICA \u201cRIBERA ALTA\u201d DE CARCAIXENT<\/strong> facilita a las personas interesadas el ejercicio de los siguientes derechos vinculados al tratamiento de sus datos personales:<\/p>\n\n\n\n<ul class=\"wp-block-list\"><li>Derecho a solicitar el acceso a sus datos personales.<\/li><li>Derecho a solicitar su rectificaci\u00f3n o supresi\u00f3n.<\/li><li>Derecho a solicitar la limitaci\u00f3n de su tratamiento.<\/li><li>Derecho a oponerse al tratamiento.<\/li><li>Derecho a la portabilidad de los datos.<\/li><li>Derecho a retirar el consentimiento prestado.<\/li><\/ul>\n\n\n\n<p>Cualquier persona tiene derecho a obtener confirmaci\u00f3n sobre si la <strong>ASOCIACI\u00d3N ORNITOL\u00d3GICA \u201cRIBERA ALTA\u201d DE CARCAIXENT<\/strong> trata los datos personales que le conciernan, pudiendo acceder las personas interesadas a sus datos personales, as\u00ed como a solicitar la rectificaci\u00f3n de los datos inexactos o, en su caso, solicitar su supresi\u00f3n cuando, entre otros motivos, los datos ya no sean necesarios para los fines que fueron recogidos.<br><\/p>\n\n\n\n<p>En determinadas circunstancias, las personas interesadas podr\u00e1n solicitar la limitaci\u00f3n del tratamiento de sus datos, en cuyo caso \u00fanicamente se conservar\u00e1n para el ejercicio o la defensa de reclamaciones. En determinadas circunstancias y por motivos relacionados con su situaci\u00f3n particular, las personas interesadas podr\u00e1n oponerse al tratamiento de sus datos.<br><\/p>\n\n\n\n<p>En este caso, la <strong>ASOCIACI\u00d3N ORNITOL\u00d3GICA \u201cRIBERA ALTA\u201d DE CARCAIXENT<\/strong> dejar\u00e1 de tratar los datos, salvo por motivos leg\u00edtimos imperiosos, o el ejercicio o la defensa de posibles reclamaciones.<br><\/p>\n\n\n\n<p>Si ha otorgado su consentimiento para alguna finalidad concreta, la persona interesada tiene derecho a retirar el consentimiento otorgado en cualquier momento, sin que ello afecte a la licitud del tratamiento basado en el consentimiento previo a su retirada.<br><\/p>\n\n\n\n<p>Para todo ello podr\u00e1 dirigir un escrito al domicilio social de la <strong>ASOCIACI\u00d3N ORNITOL\u00d3GICA \u201cRIBERA ALTA\u201d DE CARCAIXENT <\/strong>en su direcci\u00f3n postal de Calle Mariano Benlliure, 21, bajo C, 46740 de Carcaixent (VALENCIA) o enviar un correo electr\u00f3nico&nbsp; a ribera.alta.carcaixent@hotmail.com, debiendo en todo caso acreditar la identidad de la persona que ejerce sus derechos, mediante el env\u00edo de copia de su DNI, NIE, Pasaporte o documento equivalente, por las dos caras.<br><\/p>\n\n\n\n<p>En caso de que sienta no satisfechos o vulnerados sus derechos en lo concerniente a la protecci\u00f3n de sus datos personales puede presentar una reclamaci\u00f3n ante la &nbsp;autoridad de control, la Agencia &nbsp;de Protecci\u00f3n de Datos competente a trav\u00e9s de su sitio web www.agpd.es.<br><\/p>\n\n\n\n<p>Previamente, podr\u00e1 presentar reclamaci\u00f3n ante la Sociedad, en la direcci\u00f3n electr\u00f3nica ribera.alta.carcaixent@hotmail.com, quien resolver\u00e1 la reclamaci\u00f3n en el plazo m\u00e1ximo de dos meses.<\/p>\n\n\n\n<p>9.- MEDIDAS DE SEGURIDAD<\/p>\n\n\n\n<p>La <strong>ASOCIACI\u00d3N ORNITOL\u00d3GICA \u201cRIBERA ALTA\u201d DE CARCAIXENT<\/strong>, ha adoptado las medidas necesarias para mantener el nivel de seguridad requerido, seg\u00fan la naturaleza de los datos personales tratados y las circunstancias del tratamiento, con el objeto de evitar, en la medida de lo posible y siempre seg\u00fan el estado de la t\u00e9cnica, su alteraci\u00f3n, p\u00e9rdida, tratamiento o acceso no autorizado.<\/p>\n\n\n\n<p>10.- FECHA DE ENTRADA EN VIGOR Y APLICACI\u00d3N<\/p>\n\n\n\n<p>Esta Pol\u00edtica de Privacidad entra en vigor en la misma fecha que el RGPD, 25 de mayo de 2018, y su aplicaci\u00f3n es inmediata, reemplazando todas las pol\u00edticas de protecci\u00f3n de datos y privacidad que la <strong>ASOCIACI\u00d3N ORNITOL\u00d3GICA \u201cRIBERA ALTA\u201d DE CARCAIXENT<\/strong> tuviera anteriormente implementadas, respetando no obstante aquellos extremos no contemplados en la presente y que su aplicaci\u00f3n no vulnere la normativa contenida en el citado RGPD.&nbsp;<\/p>\n\n\n\n<p>En Carcaixent, Mayo de 2018.&nbsp;<\/p>\n","protected":false},"excerpt":{"rendered":"<p>ASOCIACI\u00d3N ORNITOL\u00d3GICA \u201cRIBERA ALTA\u201d DE CARCAIXENT, como organizaci\u00f3n para la pr\u00e1ctica de la Ornitolog\u00eda, es una&nbsp;entidad recreativa, deportiva y social&nbsp; cuyos fines, en cumplimiento de sus estatutos, lo constituyen: Cr\u00eda y perfeccionamiento de los canarios y p\u00e1jaros ex\u00f3ticos, en todas sus gamas, dentro de las normas legales establecidas. Conocimiento t\u00e9cnico del canto y sus diversas &hellip; <\/p>\n<p class=\"link-more\"><a href=\"https:\/\/aorac.es\/index.php\/politica-de-privacidad\/\" class=\"more-link\">Continuar leyendo<span class=\"screen-reader-text\"> \u00abProtecci\u00f3n de datos\u00bb<\/span><\/a><\/p>\n","protected":false},"author":1,"featured_media":110,"parent":0,"menu_order":0,"comment_status":"closed","ping_status":"closed","template":"","meta":{"footnotes":""},"class_list":["post-80","page","type-page","status-publish","has-post-thumbnail","hentry"],"_links":{"self":[{"href":"https:\/\/aorac.es\/index.php\/wp-json\/wp\/v2\/pages\/80","targetHints":{"allow":["GET"]}}],"collection":[{"href":"https:\/\/aorac.es\/index.php\/wp-json\/wp\/v2\/pages"}],"about":[{"href":"https:\/\/aorac.es\/index.php\/wp-json\/wp\/v2\/types\/page"}],"author":[{"embeddable":true,"href":"https:\/\/aorac.es\/index.php\/wp-json\/wp\/v2\/users\/1"}],"replies":[{"embeddable":true,"href":"https:\/\/aorac.es\/index.php\/wp-json\/wp\/v2\/comments?post=80"}],"version-history":[{"count":6,"href":"https:\/\/aorac.es\/index.php\/wp-json\/wp\/v2\/pages\/80\/revisions"}],"predecessor-version":[{"id":969,"href":"https:\/\/aorac.es\/index.php\/wp-json\/wp\/v2\/pages\/80\/revisions\/969"}],"wp:featuredmedia":[{"embeddable":true,"href":"https:\/\/aorac.es\/index.php\/wp-json\/wp\/v2\/media\/110"}],"wp:attachment":[{"href":"https:\/\/aorac.es\/index.php\/wp-json\/wp\/v2\/media?parent=80"}],"curies":[{"name":"wp","href":"https:\/\/api.w.org\/{rel}","templated":true}]}}