{"id":868,"date":"2020-04-05T17:55:00","date_gmt":"2020-04-05T17:55:00","guid":{"rendered":"http:\/\/aorac.es\/index.php\/articulos-2__trashed\/el-picaje-2\/"},"modified":"2020-04-05T21:20:38","modified_gmt":"2020-04-05T21:20:38","slug":"el-picaje-2","status":"publish","type":"page","link":"https:\/\/aorac.es\/index.php\/el-picaje-2\/","title":{"rendered":"El picaje"},"content":{"rendered":"\n<p>A continuaci\u00f3n, os voy a hablar de uno de los problemas m\u00e1s graves que existen en la cr\u00eda y tenencia de los canarios en cautividad, el peligroso h\u00e1bito vicioso de picaje y el canibalismo. Por&nbsp;ser uno de los problemas m\u00e1s desagradables de la&nbsp;canaricultura es por lo que me he decidido a escribir este art\u00edculo para poder ayudar a todo aquel que en su aviario tenga el mismo problema.<\/p>\n\n\n\n<p>Uno de los m\u00e1s peligrosos incidentes, que pueden poner en apuro la seguridad de un voladero de pichones, es un extra\u00f1o vicio conocido con el nombre de Pterofagia, que invade a veces a alg\u00fan ejemplar y que r\u00e1pidamente puede contagiarse a buena parte de sus compa\u00f1eros. Como la etimolog\u00eda de su nombre indica, la Pterofagia consiste en el picaje de las plumas de los compa\u00f1eros pr\u00f3ximos, las cuales son brutalmente arrancadas mediante violentos picotazos.<\/p>\n\n\n\n<p>Aparte del retraso y la p\u00e9rdida de est\u00e9tica que este accidente supone, la pterofagia puede degenerar en una situaci\u00f3n de suma gravedad, en caso de que el arranque de plumas pueda producir una hemorragia. En tal extremo, una verdadera fiebre de canibalismo y psicosis invadir\u00e1 a la gran mayor\u00eda de sus compa\u00f1eros de jaula o voladero, que se lanzar\u00e1n sobre el atacado succionando el brote de sangre y aumentando con sus picos la gravedad de la lesi\u00f3n. Un canario perfectamente sano, puede as\u00ed en ocasiones ser atacado y devorada alguna parte vital de su anatom\u00eda, por sus compa\u00f1eros de alojamiento con los que hasta entonces hab\u00eda convivido perfectamente o incluso encontrar la muerte. Las posible causas de este fen\u00f3meno, son diversas y en cada raza de canarios puede darse de una forma distinta.<\/p>\n\n\n\n<p>Causas y soluciones del picaje:<\/p>\n\n\n\n<ol class=\"wp-block-list\"><li>Por lo general, el picaje o pterofagia suele aparecer m\u00e1s en la \u00e9poca de muda, muchas veces por una alimentaci\u00f3n defectuosa, es por ello por lo que una buena mixtura, pasta de cr\u00eda hasta el final del verano, grit, jibia, frutas y verduras en d\u00edas alternos resulta imprescindible.<\/li><li>Otra causa del picaje es por una falta de humedad en el ambiente y en los propios ejemplares por lo que est\u00e1 demostrado que un plumaje humedecido o mojado no incita al picaje, es por ello por lo que la ba\u00f1era a diario o cada dos d\u00edas resulta vital.<\/li><li>El hacinamiento es uno de los principales est\u00edmulos para estos accidentes, lo constituye el alojamiento de un n\u00famero de ejemplares excesivo, en relaci\u00f3n con el espacio vital que se les destina, en consecuencia evitemos todo lo posible el hacinamiento de los j\u00f3venes canarios, particularmente durante la \u00e9poca de muda. En mi opini\u00f3n no es conveniente alojar en una jaula de 60 con m\u00e1s de 6 ejemplares o en una jaula de metro m\u00e1s de 10 ejemplares.<\/li><li>Los ejemplares de color amarillo o p\u00edos son m\u00e1s proclives a sufrir ataques por parte de otros ejemplares con plumaje m\u00e1s oscuro, por lo que es recomendable no mezclar en un mismo jaul\u00f3n ejemplares p\u00edos o amarillos con verdes o colores m\u00e1s oscuros<\/li><\/ol>\n\n\n\n<p>Es aconsejable introducir en el interior de los jaulones un trozo de cuerda de pita en cada extremo en la parte baja del jaul\u00f3n, dicha medida provocar\u00e1 la distracci\u00f3n de los ejemplares y de esta manera se reduce en parte el picaje entre ellos. Recomiendo atar la cuerda en la parte baja para evitar un dif\u00edcil pero posible caso de que alg\u00fan ejemplar se pueda enredar las patas con el trozo de cuerda y quedar accidentalmente colgado de la cuerda. Repito es complicado que pueda ocurrir esto pero por si acaso&#8230;<\/p>\n\n\n\n<p>Otra detalle a tener en cuenta es proporcionar a los ejemplares un trozo de tocino en el jaul\u00f3n. El motivo de esta medida es porque en la espalda de los canarios, existe una gl\u00e1ndula que segrega un especie de grasa que los canarios utilizan para acicalarse y darse brillo a su plumaje por lo que al proporcionarles esa grasa en la corteza del tocino, se evita el buscar dicha grasa en el compa\u00f1ero de al lado.<\/p>\n\n\n\n<p>Tambi\u00e9n se puede poner unas bizcocheras llenas de sal gorda en los jaulones ya que los canarios a veces buscan en las plumas de sus compa\u00f1eros el sabor salado que les proporciona el ca\u00f1\u00f3n de la pluma. Seguro que muchos de vosotros hab\u00e9is visto en la \u00e9poca de muda a al guno de vuestros canarios con alguna pluma en el pico cogi\u00e9ndola por la parte del ca\u00f1\u00f3n, ese sabor salado nos da la explicaci\u00f3n.<\/p>\n\n\n\n<p>Para mi lo m\u00e1s importante es junto a la&nbsp;ba\u00f1era, mantener a los canarios con cierta penumbra, evitando tenerlos a plena luz del d\u00eda. Unas persianas medio bajadas, unas cortinas, unas trapos oscuros tapando los ventanales suele ser suficiente para reducir en gran parte el picaje. Con esta medida los ejemplares se encuentran m\u00e1s tranquilos, reduciendo la excitaci\u00f3n que les resulta la gran claridad y con ello minimizando en gran medida el peligroso picaje. Si el problema termina siendo de extrema gravedad, se puede recurrir a algunos productos existentes en el mercado que se impregnan en la pluma de los ejemplares, y al despedir mal olor y sabor hacia ellos reducen el picaje.<\/p>\n\n\n\n<p>Tan pronto como observemos en un canario el vicio del picaje, es imprescindible separarlo de sus compa\u00f1eros para evitar en primer lugar que lesione a alguno de ellos y en segundo t\u00e9rmino que pueda inducir a los dem\u00e1s a imitar su desagradable comportamiento. En cuanto a los ejemplares lesionados, deben ser igualmente apartados, limpi\u00e1ndose perfectamente sus lesiones con agua oxigenada, debe eliminarse todo resto de sangre, para evitar que el propio animal contin\u00fae por si solo la labor de destrucci\u00f3n iniciada por sus compa\u00f1eros.<\/p>\n\n\n\n<p>Ya terminando, decir que el problema del picaje, en casi ning\u00fan caso se cura al 100% puesto que mas que una enfermedad, es un vicio que se transmite a todos los ejemplares del jaul\u00f3n pero si es cierto que siguiendo las medidas anteriormente expuestas, se reduce tanto el problema que se permite atajarlo de una manera bastante contundente y eficaz.&nbsp;<\/p>\n\n\n\n<p>Pues esto es todo, espero que alguno de vosotros que lo lea le pueda resultar de utilidad, con ese fin he escrito este art\u00edculo.<\/p>\n\n\n\n<p>Jaime Pizarro Pintado &#8211; www.canariculturapizarro.es.tl<\/p>\n","protected":false},"excerpt":{"rendered":"<p>A continuaci\u00f3n, os voy a hablar de uno de los problemas m\u00e1s graves que existen en la cr\u00eda y tenencia de los canarios en cautividad, el peligroso h\u00e1bito vicioso de picaje y el canibalismo. Por&nbsp;ser uno de los problemas m\u00e1s desagradables de la&nbsp;canaricultura es por lo que me he decidido a escribir este art\u00edculo para &hellip; <\/p>\n<p class=\"link-more\"><a href=\"https:\/\/aorac.es\/index.php\/el-picaje-2\/\" class=\"more-link\">Continuar leyendo<span class=\"screen-reader-text\"> \u00abEl picaje\u00bb<\/span><\/a><\/p>\n","protected":false},"author":1,"featured_media":0,"parent":0,"menu_order":0,"comment_status":"closed","ping_status":"closed","template":"","meta":{"footnotes":""},"class_list":["post-868","page","type-page","status-publish","hentry"],"_links":{"self":[{"href":"https:\/\/aorac.es\/index.php\/wp-json\/wp\/v2\/pages\/868","targetHints":{"allow":["GET"]}}],"collection":[{"href":"https:\/\/aorac.es\/index.php\/wp-json\/wp\/v2\/pages"}],"about":[{"href":"https:\/\/aorac.es\/index.php\/wp-json\/wp\/v2\/types\/page"}],"author":[{"embeddable":true,"href":"https:\/\/aorac.es\/index.php\/wp-json\/wp\/v2\/users\/1"}],"replies":[{"embeddable":true,"href":"https:\/\/aorac.es\/index.php\/wp-json\/wp\/v2\/comments?post=868"}],"version-history":[{"count":1,"href":"https:\/\/aorac.es\/index.php\/wp-json\/wp\/v2\/pages\/868\/revisions"}],"predecessor-version":[{"id":939,"href":"https:\/\/aorac.es\/index.php\/wp-json\/wp\/v2\/pages\/868\/revisions\/939"}],"wp:attachment":[{"href":"https:\/\/aorac.es\/index.php\/wp-json\/wp\/v2\/media?parent=868"}],"curies":[{"name":"wp","href":"https:\/\/api.w.org\/{rel}","templated":true}]}}