{"id":87,"date":"2020-04-02T20:22:23","date_gmt":"2020-04-02T20:22:23","guid":{"rendered":"http:\/\/aorac.es\/?page_id=87"},"modified":"2020-04-05T21:15:35","modified_gmt":"2020-04-05T21:15:35","slug":"bienvenidos","status":"publish","type":"page","link":"https:\/\/aorac.es\/","title":{"rendered":"Asociaci\u00f3n Ornitol\u00f3gica Ribera Alta de Carcaixent"},"content":{"rendered":"\n<div class=\"wp-block-image\"><figure class=\"aligncenter size-thumbnail is-resized\"><img loading=\"lazy\" decoding=\"async\" src=\"http:\/\/aorac.es\/wp-content\/uploads\/2020\/04\/LOGO_SOCIEDAD2-150x150.png\" alt=\"\" class=\"wp-image-537\" width=\"150\" height=\"150\"\/><\/figure><\/div>\n\n\n\n<p>La Asociaci\u00f3n Ornitol\u00f3gica \u00abRibera Alta\u00bb de Carcaixent es una asociaci\u00f3n hecha por y para los amantes de la canaricultura. La Asociaci\u00f3n no tiene \u00e1nimo de lucro. Est\u00e1 financiada con las aportaciones anuales de los socios, que son muy bajas pero suficientes, as\u00ed como por los ingresos del Economato (exclusivo para los socios), donde se venden alimentos para p\u00e1jaros, jaulas, complementos, etc.<\/p>\n\n\n\n<p><span style=\"font-size: inherit;\">Cualquier persona interesada en formar parte de nuestra Asocicaci\u00f3n, puede ponerse en contacto con nosotros y as\u00ed poder participar de las actividades que realizamos.<\/span><\/p>\n","protected":false},"excerpt":{"rendered":"<p>La Asociaci\u00f3n Ornitol\u00f3gica \u00abRibera Alta\u00bb de Carcaixent es una asociaci\u00f3n hecha por y para los amantes de la canaricultura. La Asociaci\u00f3n no tiene \u00e1nimo de lucro. Est\u00e1 financiada con las aportaciones anuales de los socios, que son muy bajas pero suficientes, as\u00ed como por los ingresos del Economato (exclusivo para los socios), donde se venden &hellip; <\/p>\n<p class=\"link-more\"><a href=\"https:\/\/aorac.es\/\" class=\"more-link\">Continuar leyendo<span class=\"screen-reader-text\"> \u00abAsociaci\u00f3n Ornitol\u00f3gica Ribera Alta de Carcaixent\u00bb<\/span><\/a><\/p>\n","protected":false},"author":1,"featured_media":0,"parent":0,"menu_order":0,"comment_status":"closed","ping_status":"closed","template":"templates\/template-full-width.php","meta":{"footnotes":""},"class_list":["post-87","page","type-page","status-publish","hentry"],"_links":{"self":[{"href":"https:\/\/aorac.es\/index.php\/wp-json\/wp\/v2\/pages\/87","targetHints":{"allow":["GET"]}}],"collection":[{"href":"https:\/\/aorac.es\/index.php\/wp-json\/wp\/v2\/pages"}],"about":[{"href":"https:\/\/aorac.es\/index.php\/wp-json\/wp\/v2\/types\/page"}],"author":[{"embeddable":true,"href":"https:\/\/aorac.es\/index.php\/wp-json\/wp\/v2\/users\/1"}],"replies":[{"embeddable":true,"href":"https:\/\/aorac.es\/index.php\/wp-json\/wp\/v2\/comments?post=87"}],"version-history":[{"count":8,"href":"https:\/\/aorac.es\/index.php\/wp-json\/wp\/v2\/pages\/87\/revisions"}],"predecessor-version":[{"id":936,"href":"https:\/\/aorac.es\/index.php\/wp-json\/wp\/v2\/pages\/87\/revisions\/936"}],"wp:attachment":[{"href":"https:\/\/aorac.es\/index.php\/wp-json\/wp\/v2\/media?parent=87"}],"curies":[{"name":"wp","href":"https:\/\/api.w.org\/{rel}","templated":true}]}}